{"id":103,"date":"2014-05-12T20:31:39","date_gmt":"2014-05-12T19:31:39","guid":{"rendered":"http:\/\/www.antaakhi.fr\/beta\/?page_id=103"},"modified":"2022-10-31T19:30:21","modified_gmt":"2022-10-31T18:30:21","slug":"home","status":"publish","type":"page","link":"https:\/\/dev1.antaakhi.fr\/hs45376-ovh\/","title":{"rendered":"Home"},"content":{"rendered":"<div id=\"pl-103\"  class=\"panel-layout\" ><div id=\"pg-103-0\"  class=\"panel-grid panel-no-style\" ><div id=\"pgc-103-0-0\"  class=\"panel-grid-cell\" ><div id=\"panel-103-0-0-0\" class=\"so-panel widget panel-first-child\" data-index=\"0\" ><\/div><div id=\"panel-103-0-0-1\" class=\"so-panel widget widget_text panel-last-child\" data-index=\"1\" >\t\t\t<div class=\"textwidget\"><h1>Que deviennent vos dons ?<\/h1><\/div>\n\t\t<\/div><\/div><\/div><div id=\"pg-103-1\"  class=\"panel-grid panel-no-style\" ><div id=\"pgc-103-1-0\"  class=\"panel-grid-cell\" ><div id=\"panel-103-1-0-0\" class=\"so-panel widget panel-first-child panel-last-child\" data-index=\"2\" ><\/div><\/div><div id=\"pgc-103-1-1\"  class=\"panel-grid-cell\" ><div id=\"panel-103-1-1-0\" class=\"so-panel widget panel-first-child panel-last-child\" data-index=\"3\" ><\/div><\/div><\/div><div id=\"pg-103-2\"  class=\"panel-grid panel-no-style\" ><div id=\"pgc-103-2-0\"  class=\"panel-grid-cell\" ><div id=\"panel-103-2-0-0\" class=\"so-panel widget widget_text panel-first-child panel-last-child\" data-index=\"4\" >\t\t\t<div class=\"textwidget\"><h1>Nous d\u00e9couvrir<\/h1>\n<\/div>\n\t\t<\/div><\/div><\/div><div id=\"pg-103-3\"  class=\"panel-grid panel-no-style\" ><div id=\"pgc-103-3-0\"  class=\"panel-grid-cell\" ><div id=\"panel-103-3-0-0\" class=\"so-panel widget panel-first-child panel-last-child\" data-index=\"5\" ><\/div><\/div><div id=\"pgc-103-3-1\"  class=\"panel-grid-cell\" ><div id=\"panel-103-3-1-0\" class=\"so-panel widget panel-first-child panel-last-child\" data-index=\"6\" ><\/div><\/div><div id=\"pgc-103-3-2\"  class=\"panel-grid-cell\" ><div id=\"panel-103-3-2-0\" class=\"so-panel widget panel-first-child panel-last-child\" data-index=\"7\" ><\/div><\/div><\/div><div id=\"pg-103-4\"  class=\"panel-grid panel-no-style\" ><div id=\"pgc-103-4-0\"  class=\"panel-grid-cell\" ><div id=\"panel-103-4-0-0\" class=\"so-panel widget widget_text panel-first-child panel-last-child\" data-index=\"8\" >\t\t\t<div class=\"textwidget\"><h1>Comment nous aider ?<\/h1><\/div>\n\t\t<\/div><\/div><\/div><div id=\"pg-103-5\"  class=\"panel-grid panel-no-style\" ><div id=\"pgc-103-5-0\"  class=\"panel-grid-cell\" ><div id=\"panel-103-5-0-0\" class=\"so-panel widget panel-first-child panel-last-child\" data-index=\"9\" ><\/div><\/div><div id=\"pgc-103-5-1\"  class=\"panel-grid-cell\" ><div id=\"panel-103-5-1-0\" class=\"so-panel widget panel-first-child panel-last-child\" data-index=\"10\" ><\/div><\/div><div id=\"pgc-103-5-2\"  class=\"panel-grid-cell\" ><div id=\"panel-103-5-2-0\" class=\"so-panel widget panel-first-child panel-last-child\" data-index=\"11\" ><\/div><\/div><div id=\"pgc-103-5-3\"  class=\"panel-grid-cell\" ><div id=\"panel-103-5-3-0\" class=\"so-panel widget panel-first-child panel-last-child\" data-index=\"12\" ><\/div><\/div><div id=\"pgc-103-5-4\"  class=\"panel-grid-cell\" ><div id=\"panel-103-5-4-0\" class=\"so-panel widget panel-first-child panel-last-child\" data-index=\"13\" ><\/div><\/div><\/div><div id=\"pg-103-6\"  class=\"panel-grid panel-no-style\" ><div id=\"pgc-103-6-0\"  class=\"panel-grid-cell\" ><div id=\"panel-103-6-0-0\" class=\"so-panel widget panel-first-child panel-last-child\" data-index=\"14\" ><\/div><\/div><\/div><div id=\"pg-103-7\"  class=\"panel-grid panel-no-style\" ><div id=\"pgc-103-7-0\"  class=\"panel-grid-cell\" ><div id=\"panel-103-7-0-0\" class=\"so-panel widget panel-first-child panel-last-child\" data-index=\"15\" ><\/div><\/div><div id=\"pgc-103-7-1\"  class=\"panel-grid-cell\" ><div id=\"panel-103-7-1-0\" class=\"so-panel widget panel-first-child panel-last-child\" data-index=\"16\" ><\/div><\/div><div id=\"pgc-103-7-2\"  class=\"panel-grid-cell\" ><div id=\"panel-103-7-2-0\" class=\"so-panel widget panel-first-child panel-last-child\" data-index=\"17\" ><\/div><\/div><div id=\"pgc-103-7-3\"  class=\"panel-grid-cell\" ><div id=\"panel-103-7-3-0\" class=\"so-panel widget panel-first-child panel-last-child\" data-index=\"18\" ><\/div><\/div><\/div><\/div>","protected":false},"excerpt":{"rendered":"<p>\u00a0\u00a0\u00a0Anta Akhi France est une communaut\u00e9 de b\u00e9n\u00e9voles qui se mobilisent depuis 2004 pour am\u00e9liorer le quotidien de jeunes adultes handicap\u00e9s au Liban.+\u00a0\u00a0 Que deviennent vos dons ? Gr\u00e2ce \u00e0 vous, depuis 2004 1.066 m\u20ac transf\u00e9r\u00e9s \u00e0 Anta Akhi Liban Merci D\u00e9couvrez lesBESOINS &amp; URGENCESde l&rsquo;association Anta Akhi Liban<\/p>\n","protected":false},"author":4,"featured_media":0,"parent":0,"menu_order":0,"comment_status":"open","ping_status":"open","template":"","meta":[],"yoast_head":"<!-- This site is optimized with the Yoast SEO plugin v20.12 - https:\/\/yoast.com\/wordpress\/plugins\/seo\/ -->\n<title>Home - Anta Akhi France<\/title>\n<meta name=\"robots\" content=\"index, follow, max-snippet:-1, max-image-preview:large, max-video-preview:-1\" \/>\n<link rel=\"canonical\" href=\"https:\/\/dev1.antaakhi.fr\/hs45376-ovh\/\" \/>\n<meta property=\"og:locale\" content=\"fr_FR\" \/>\n<meta property=\"og:type\" content=\"article\" \/>\n<meta property=\"og:title\" content=\"Home - Anta Akhi France\" \/>\n<meta property=\"og:description\" content=\"\u00a0\u00a0\u00a0Anta Akhi France est une communaut\u00e9 de b\u00e9n\u00e9voles qui se mobilisent depuis 2004 pour am\u00e9liorer le quotidien de jeunes adultes handicap\u00e9s au Liban.+\u00a0\u00a0 Que deviennent vos dons ? Gr\u00e2ce \u00e0 vous, depuis 2004 1.066 m\u20ac transf\u00e9r\u00e9s \u00e0 Anta Akhi Liban Merci D\u00e9couvrez lesBESOINS &amp; URGENCESde l&#039;association Anta Akhi Liban\" \/>\n<meta property=\"og:url\" content=\"https:\/\/dev1.antaakhi.fr\/hs45376-ovh\/\" \/>\n<meta property=\"og:site_name\" content=\"Anta Akhi France\" \/>\n<meta property=\"article:modified_time\" content=\"2022-10-31T18:30:21+00:00\" \/>\n<meta property=\"og:image\" content=\"http:\/\/dev1.antaakhi.fr\/hs45376-ovh\/wp-content\/uploads\/2014\/05\/bougie.png\" \/>\n<meta name=\"twitter:label1\" content=\"Dur\u00e9e de lecture estim\u00e9e\" \/>\n\t<meta name=\"twitter:data1\" content=\"1 minute\" \/>\n<script type=\"application\/ld+json\" class=\"yoast-schema-graph\">{\"@context\":\"https:\/\/schema.org\",\"@graph\":[{\"@type\":\"WebPage\",\"@id\":\"https:\/\/dev1.antaakhi.fr\/hs45376-ovh\/\",\"url\":\"https:\/\/dev1.antaakhi.fr\/hs45376-ovh\/\",\"name\":\"Home - Anta Akhi France\",\"isPartOf\":{\"@id\":\"https:\/\/dev1.antaakhi.fr\/hs45376-ovh\/#website\"},\"datePublished\":\"2014-05-12T19:31:39+00:00\",\"dateModified\":\"2022-10-31T18:30:21+00:00\",\"breadcrumb\":{\"@id\":\"https:\/\/dev1.antaakhi.fr\/hs45376-ovh\/#breadcrumb\"},\"inLanguage\":\"fr-FR\",\"potentialAction\":[{\"@type\":\"ReadAction\",\"target\":[\"https:\/\/dev1.antaakhi.fr\/hs45376-ovh\/\"]}]},{\"@type\":\"BreadcrumbList\",\"@id\":\"https:\/\/dev1.antaakhi.fr\/hs45376-ovh\/#breadcrumb\",\"itemListElement\":[{\"@type\":\"ListItem\",\"position\":1,\"name\":\"Home\",\"item\":\"https:\/\/dev1.antaakhi.fr\/hs45376-ovh\/\"},{\"@type\":\"ListItem\",\"position\":2,\"name\":\"Home\"}]},{\"@type\":\"WebSite\",\"@id\":\"https:\/\/dev1.antaakhi.fr\/hs45376-ovh\/#website\",\"url\":\"https:\/\/dev1.antaakhi.fr\/hs45376-ovh\/\",\"name\":\"Anta Akhi France\",\"description\":\"Toi, mon fr\u00e8re\",\"potentialAction\":[{\"@type\":\"SearchAction\",\"target\":{\"@type\":\"EntryPoint\",\"urlTemplate\":\"https:\/\/dev1.antaakhi.fr\/hs45376-ovh\/?s={search_term_string}\"},\"query-input\":\"required name=search_term_string\"}],\"inLanguage\":\"fr-FR\"}]}<\/script>\n<!-- \/ Yoast SEO plugin. -->","yoast_head_json":{"title":"Home - Anta Akhi France","robots":{"index":"index","follow":"follow","max-snippet":"max-snippet:-1","max-image-preview":"max-image-preview:large","max-video-preview":"max-video-preview:-1"},"canonical":"https:\/\/dev1.antaakhi.fr\/hs45376-ovh\/","og_locale":"fr_FR","og_type":"article","og_title":"Home - Anta Akhi France","og_description":"\u00a0\u00a0\u00a0Anta Akhi France est une communaut\u00e9 de b\u00e9n\u00e9voles qui se mobilisent depuis 2004 pour am\u00e9liorer le quotidien de jeunes adultes handicap\u00e9s au Liban.+\u00a0\u00a0 Que deviennent vos dons ? Gr\u00e2ce \u00e0 vous, depuis 2004 1.066 m\u20ac transf\u00e9r\u00e9s \u00e0 Anta Akhi Liban Merci D\u00e9couvrez lesBESOINS &amp; URGENCESde l'association Anta Akhi Liban","og_url":"https:\/\/dev1.antaakhi.fr\/hs45376-ovh\/","og_site_name":"Anta Akhi France","article_modified_time":"2022-10-31T18:30:21+00:00","og_image":[{"url":"http:\/\/dev1.antaakhi.fr\/hs45376-ovh\/wp-content\/uploads\/2014\/05\/bougie.png"}],"twitter_misc":{"Dur\u00e9e de lecture estim\u00e9e":"1 minute"},"schema":{"@context":"https:\/\/schema.org","@graph":[{"@type":"WebPage","@id":"https:\/\/dev1.antaakhi.fr\/hs45376-ovh\/","url":"https:\/\/dev1.antaakhi.fr\/hs45376-ovh\/","name":"Home - Anta Akhi France","isPartOf":{"@id":"https:\/\/dev1.antaakhi.fr\/hs45376-ovh\/#website"},"datePublished":"2014-05-12T19:31:39+00:00","dateModified":"2022-10-31T18:30:21+00:00","breadcrumb":{"@id":"https:\/\/dev1.antaakhi.fr\/hs45376-ovh\/#breadcrumb"},"inLanguage":"fr-FR","potentialAction":[{"@type":"ReadAction","target":["https:\/\/dev1.antaakhi.fr\/hs45376-ovh\/"]}]},{"@type":"BreadcrumbList","@id":"https:\/\/dev1.antaakhi.fr\/hs45376-ovh\/#breadcrumb","itemListElement":[{"@type":"ListItem","position":1,"name":"Home","item":"https:\/\/dev1.antaakhi.fr\/hs45376-ovh\/"},{"@type":"ListItem","position":2,"name":"Home"}]},{"@type":"WebSite","@id":"https:\/\/dev1.antaakhi.fr\/hs45376-ovh\/#website","url":"https:\/\/dev1.antaakhi.fr\/hs45376-ovh\/","name":"Anta Akhi France","description":"Toi, mon fr\u00e8re","potentialAction":[{"@type":"SearchAction","target":{"@type":"EntryPoint","urlTemplate":"https:\/\/dev1.antaakhi.fr\/hs45376-ovh\/?s={search_term_string}"},"query-input":"required name=search_term_string"}],"inLanguage":"fr-FR"}]}},"_links":{"self":[{"href":"https:\/\/dev1.antaakhi.fr\/hs45376-ovh\/wp-json\/wp\/v2\/pages\/103"}],"collection":[{"href":"https:\/\/dev1.antaakhi.fr\/hs45376-ovh\/wp-json\/wp\/v2\/pages"}],"about":[{"href":"https:\/\/dev1.antaakhi.fr\/hs45376-ovh\/wp-json\/wp\/v2\/types\/page"}],"author":[{"embeddable":true,"href":"https:\/\/dev1.antaakhi.fr\/hs45376-ovh\/wp-json\/wp\/v2\/users\/4"}],"replies":[{"embeddable":true,"href":"https:\/\/dev1.antaakhi.fr\/hs45376-ovh\/wp-json\/wp\/v2\/comments?post=103"}],"version-history":[{"count":157,"href":"https:\/\/dev1.antaakhi.fr\/hs45376-ovh\/wp-json\/wp\/v2\/pages\/103\/revisions"}],"predecessor-version":[{"id":2228,"href":"https:\/\/dev1.antaakhi.fr\/hs45376-ovh\/wp-json\/wp\/v2\/pages\/103\/revisions\/2228"}],"wp:attachment":[{"href":"https:\/\/dev1.antaakhi.fr\/hs45376-ovh\/wp-json\/wp\/v2\/media?parent=103"}],"curies":[{"name":"wp","href":"https:\/\/api.w.org\/{rel}","templated":true}]}}