{"id":31,"date":"2014-05-12T20:02:56","date_gmt":"2014-05-12T19:02:56","guid":{"rendered":"http:\/\/www.antaakhi.fr\/beta\/?page_id=31"},"modified":"2014-09-28T16:32:42","modified_gmt":"2014-09-28T15:32:42","slug":"nous-contacter","status":"publish","type":"page","link":"https:\/\/dev1.antaakhi.fr\/hs45376-ovh\/nous-contacter\/","title":{"rendered":"Nous Contacter"},"content":{"rendered":"\n<div class=\"wpcf7 no-js\" id=\"wpcf7-f937-o1\" lang=\"fr-FR\" dir=\"ltr\">\n<div class=\"screen-reader-response\"><p role=\"status\" aria-live=\"polite\" aria-atomic=\"true\"><\/p> <ul><\/ul><\/div>\n<form action=\"\/hs45376-ovh\/wp-json\/wp\/v2\/pages\/31#wpcf7-f937-o1\" method=\"post\" class=\"wpcf7-form init\" aria-label=\"Formulaire de contact\" novalidate=\"novalidate\" data-status=\"init\">\n<div style=\"display: none;\">\n<input type=\"hidden\" name=\"_wpcf7\" value=\"937\" \/>\n<input type=\"hidden\" name=\"_wpcf7_version\" value=\"5.7.7\" \/>\n<input type=\"hidden\" name=\"_wpcf7_locale\" value=\"fr_FR\" \/>\n<input type=\"hidden\" name=\"_wpcf7_unit_tag\" value=\"wpcf7-f937-o1\" \/>\n<input type=\"hidden\" name=\"_wpcf7_container_post\" value=\"0\" \/>\n<input type=\"hidden\" name=\"_wpcf7_posted_data_hash\" value=\"\" \/>\n<\/div>\n<table>\n\t<tr>\n\t\t<td>\n\t\t\t<p>Pr\u00e9nom\n\t\t\t<\/p>\n\t\t<\/td>\n\t\t<td>\n\t\t\t<p>Nom*\n\t\t\t<\/p>\n\t\t<\/td>\n\t<\/tr>\n\t<tr>\n\t\t<td>\n\t\t\t<p><span class=\"wpcf7-form-control-wrap\" data-name=\"your-first-name\"><input size=\"40\" class=\"wpcf7-form-control wpcf7-text\" aria-invalid=\"false\" value=\"\" type=\"text\" name=\"your-first-name\" \/><\/span>\n\t\t\t<\/p>\n\t\t<\/td>\n\t\t<td>\n\t\t\t<p><span class=\"wpcf7-form-control-wrap\" data-name=\"your-last-name\"><input size=\"40\" class=\"wpcf7-form-control wpcf7-text wpcf7-validates-as-required\" aria-required=\"true\" aria-invalid=\"false\" value=\"\" type=\"text\" name=\"your-last-name\" \/><\/span>\n\t\t\t<\/p>\n\t\t<\/td>\n\t<\/tr>\n\t<tr>\n\t\t<td>\n\t\t\t<p>Email*\n\t\t\t<\/p>\n\t\t<\/td>\n\t\t<td>\n\t\t\t<p>T\u00e9l\u00e9phone*\n\t\t\t<\/p>\n\t\t<\/td>\n\t<\/tr>\n\t<tr>\n\t\t<td>\n\t\t\t<p><span class=\"wpcf7-form-control-wrap\" data-name=\"your-email\"><input size=\"40\" class=\"wpcf7-form-control wpcf7-text wpcf7-email wpcf7-validates-as-required wpcf7-validates-as-email\" aria-required=\"true\" aria-invalid=\"false\" value=\"\" type=\"email\" name=\"your-email\" \/><\/span>\n\t\t\t<\/p>\n\t\t<\/td>\n\t\t<td>\n\t\t\t<p><span class=\"wpcf7-form-control-wrap\" data-name=\"tel\"><input size=\"40\" class=\"wpcf7-form-control wpcf7-text wpcf7-validates-as-required\" aria-required=\"true\" aria-invalid=\"false\" value=\"\" type=\"text\" name=\"tel\" \/><\/span>\n\t\t\t<\/p>\n\t\t<\/td>\n\t<\/tr>\n\t<tr>\n\t\t<td>\n\t\t\t<p>Message*\n\t\t\t<\/p>\n\t\t<\/td>\n\t\t<td>\n\t\t<\/td>\n\t<\/tr>\n\t<tr>\n\t\t<td colspan=\"2\">\n\t\t\t<p><span class=\"wpcf7-form-control-wrap\" data-name=\"message\"><textarea cols=\"40\" rows=\"10\" class=\"wpcf7-form-control wpcf7-textarea\" aria-invalid=\"false\" name=\"message\"><\/textarea><\/span>\n\t\t\t<\/p>\n\t\t<\/td>\n\t<\/tr>\n\t<tr>\n\t<\/tr>\n\t<tr>\n\t\t<td colspan=\"2\">\n\t\t\t<p><span class=\"wpcf7-form-control-wrap\" data-name=\"mc-subscribe\"><span class=\"wpcf7-form-control wpcf7-checkbox\"><span class=\"wpcf7-list-item first last\"><input type=\"checkbox\" name=\"mc-subscribe[]\" value=\"Je souhaite recevoir la Newsletter d&#039;Anta Akhi France et les informations relatives aux futurs \u00e9v\u00e9nements importants de l&#039;association\" \/><span class=\"wpcf7-list-item-label\">Je souhaite recevoir la Newsletter d&#039;Anta Akhi France et les informations relatives aux futurs \u00e9v\u00e9nements importants de l&#039;association<\/span><\/span><\/span><\/span>\n\t\t\t<\/p>\n\t\t<\/td>\n\t<\/tr>\n\t<tr>\n\t\t<td colspan=\"2\">\n\t\t\t<p><input class=\"wpcf7-form-control has-spinner wpcf7-submit\" type=\"submit\" value=\"Envoyer\" \/>\n\t\t\t<\/p>\n\t\t<\/td>\n\t<\/tr>\n<\/table><p style=\"display: none !important;\" class=\"akismet-fields-container\" data-prefix=\"_wpcf7_ak_\"><label>&#916;<textarea name=\"_wpcf7_ak_hp_textarea\" cols=\"45\" rows=\"8\" maxlength=\"100\"><\/textarea><\/label><input type=\"hidden\" id=\"ak_js_1\" name=\"_wpcf7_ak_js\" value=\"196\"\/><script type=\"text\/javascript\">\ndocument.getElementById( \"ak_js_1\" ).setAttribute( \"value\", ( new Date() ).getTime() );\n<\/script>\n<\/p><div class=\"wpcf7-response-output\" aria-hidden=\"true\"><\/div>\n<\/form>\n<\/div>\n\n\n<div class=\"wpcf7 no-js\" id=\"wpcf7-f939-o2\" lang=\"fr-FR\" dir=\"ltr\">\n<div class=\"screen-reader-response\"><p role=\"status\" aria-live=\"polite\" aria-atomic=\"true\"><\/p> <ul><\/ul><\/div>\n<form action=\"\/hs45376-ovh\/wp-json\/wp\/v2\/pages\/31#wpcf7-f939-o2\" method=\"post\" class=\"wpcf7-form init\" aria-label=\"Formulaire de contact\" novalidate=\"novalidate\" data-status=\"init\">\n<div style=\"display: none;\">\n<input type=\"hidden\" name=\"_wpcf7\" value=\"939\" \/>\n<input type=\"hidden\" name=\"_wpcf7_version\" value=\"5.7.7\" \/>\n<input type=\"hidden\" name=\"_wpcf7_locale\" value=\"fr_FR\" \/>\n<input type=\"hidden\" name=\"_wpcf7_unit_tag\" value=\"wpcf7-f939-o2\" \/>\n<input type=\"hidden\" name=\"_wpcf7_container_post\" value=\"0\" \/>\n<input type=\"hidden\" name=\"_wpcf7_posted_data_hash\" value=\"\" \/>\n<\/div>\n<div>\n\t<h1>Visitez le foyer de tendresse de Balloun\u00e9 au Liban<br \/>\nVous serez envelopp\u00e9s par l'\u00e9nergie positive qui y r\u00e8gne !\n\t<\/h1>\n<\/div>\n<table>\n\t<tr>\n\t\t<td>\n\t\t\t<p>Pr\u00e9nom*\n\t\t\t<\/p>\n\t\t<\/td>\n\t\t<td>\n\t\t\t<p>Nom\n\t\t\t<\/p>\n\t\t<\/td>\n\t<\/tr>\n\t<tr>\n\t\t<td>\n\t\t\t<p><span class=\"wpcf7-form-control-wrap\" data-name=\"your-first-name\"><input size=\"40\" class=\"wpcf7-form-control wpcf7-text wpcf7-validates-as-required\" aria-required=\"true\" aria-invalid=\"false\" value=\"\" type=\"text\" name=\"your-first-name\" \/><\/span>\n\t\t\t<\/p>\n\t\t<\/td>\n\t\t<td>\n\t\t\t<p><span class=\"wpcf7-form-control-wrap\" data-name=\"your-last-name\"><input size=\"40\" class=\"wpcf7-form-control wpcf7-text wpcf7-validates-as-required\" aria-required=\"true\" aria-invalid=\"false\" value=\"\" type=\"text\" name=\"your-last-name\" \/><\/span>\n\t\t\t<\/p>\n\t\t<\/td>\n\t<\/tr>\n\t<tr>\n\t\t<td>\n\t\t\t<p>Email*\n\t\t\t<\/p>\n\t\t<\/td>\n\t\t<td>\n\t\t\t<p>T\u00e9l\u00e9phone*\n\t\t\t<\/p>\n\t\t<\/td>\n\t<\/tr>\n\t<tr>\n\t\t<td>\n\t\t\t<p><span class=\"wpcf7-form-control-wrap\" data-name=\"your-email\"><input size=\"40\" class=\"wpcf7-form-control wpcf7-text wpcf7-email wpcf7-validates-as-required wpcf7-validates-as-email\" aria-required=\"true\" aria-invalid=\"false\" value=\"\" type=\"email\" name=\"your-email\" \/><\/span>\n\t\t\t<\/p>\n\t\t<\/td>\n\t\t<td>\n\t\t\t<p><span class=\"wpcf7-form-control-wrap\" data-name=\"tel\"><input size=\"40\" class=\"wpcf7-form-control wpcf7-text wpcf7-validates-as-required\" aria-required=\"true\" aria-invalid=\"false\" value=\"\" type=\"text\" name=\"tel\" \/><\/span>\n\t\t\t<\/p>\n\t\t<\/td>\n\t<\/tr>\n\t<tr>\n\t\t<td colspan=\"2\">\n\t\t\t<p>Dates souhait\u00e9es, s\u00e9par\u00e9es d'une virgule\n\t\t\t<\/p>\n\t\t<\/td>\n\t<\/tr>\n\t<tr>\n\t\t<td colspan=\"2\">\n\t\t\t<p><span class=\"wpcf7-form-control-wrap\" data-name=\"dates\"><input size=\"40\" class=\"wpcf7-form-control wpcf7-text wpcf7-validates-as-required\" aria-required=\"true\" aria-invalid=\"false\" value=\"\" type=\"text\" name=\"dates\" \/><\/span>\n\t\t\t<\/p>\n\t\t<\/td>\n\t<\/tr>\n\t<tr>\n\t\t<td colspan=\"2\">\n\t\t\t<p><span class=\"wpcf7-form-control-wrap\" data-name=\"mc-subscribe\"><span class=\"wpcf7-form-control wpcf7-checkbox\"><span class=\"wpcf7-list-item first last\"><input type=\"checkbox\" name=\"mc-subscribe[]\" value=\"Je souhaite recevoir la Newsletter d&#039;Anta Akhi France et les informations relatives aux futurs \u00e9v\u00e9nements importants de l&#039;association\" \/><span class=\"wpcf7-list-item-label\">Je souhaite recevoir la Newsletter d&#039;Anta Akhi France et les informations relatives aux futurs \u00e9v\u00e9nements importants de l&#039;association<\/span><\/span><\/span><\/span>\n\t\t\t<\/p>\n\t\t<\/td>\n\t<\/tr>\n\t<tr>\n\t\t<td colspan=\"2\">\n\t\t\t<p><input class=\"wpcf7-form-control has-spinner wpcf7-submit\" type=\"submit\" value=\"Envoyer\" \/>\n\t\t\t<\/p>\n\t\t<\/td>\n\t<\/tr>\n<\/table><p style=\"display: none !important;\" class=\"akismet-fields-container\" data-prefix=\"_wpcf7_ak_\"><label>&#916;<textarea name=\"_wpcf7_ak_hp_textarea\" cols=\"45\" rows=\"8\" maxlength=\"100\"><\/textarea><\/label><input type=\"hidden\" id=\"ak_js_2\" name=\"_wpcf7_ak_js\" value=\"204\"\/><script type=\"text\/javascript\">\ndocument.getElementById( \"ak_js_2\" ).setAttribute( \"value\", ( new Date() ).getTime() );\n<\/script>\n<\/p><div class=\"wpcf7-response-output\" aria-hidden=\"true\"><\/div>\n<\/form>\n<\/div>\n\n","protected":false},"excerpt":{"rendered":"","protected":false},"author":4,"featured_media":0,"parent":0,"menu_order":0,"comment_status":"open","ping_status":"open","template":"single-actualite.php","meta":[],"yoast_head":"<!-- This site is optimized with the Yoast SEO plugin v20.12 - https:\/\/yoast.com\/wordpress\/plugins\/seo\/ -->\n<title>Nous Contacter - Anta Akhi France<\/title>\n<meta name=\"robots\" content=\"index, follow, max-snippet:-1, max-image-preview:large, max-video-preview:-1\" \/>\n<link rel=\"canonical\" href=\"https:\/\/dev1.antaakhi.fr\/hs45376-ovh\/nous-contacter\/\" \/>\n<meta property=\"og:locale\" content=\"fr_FR\" \/>\n<meta property=\"og:type\" content=\"article\" \/>\n<meta property=\"og:title\" content=\"Nous Contacter - Anta Akhi France\" \/>\n<meta property=\"og:url\" content=\"https:\/\/dev1.antaakhi.fr\/hs45376-ovh\/nous-contacter\/\" \/>\n<meta property=\"og:site_name\" content=\"Anta Akhi France\" \/>\n<meta property=\"article:modified_time\" content=\"2014-09-28T15:32:42+00:00\" \/>\n<script type=\"application\/ld+json\" class=\"yoast-schema-graph\">{\"@context\":\"https:\/\/schema.org\",\"@graph\":[{\"@type\":\"WebPage\",\"@id\":\"https:\/\/dev1.antaakhi.fr\/hs45376-ovh\/nous-contacter\/\",\"url\":\"https:\/\/dev1.antaakhi.fr\/hs45376-ovh\/nous-contacter\/\",\"name\":\"Nous Contacter - Anta Akhi France\",\"isPartOf\":{\"@id\":\"https:\/\/dev1.antaakhi.fr\/hs45376-ovh\/#website\"},\"datePublished\":\"2014-05-12T19:02:56+00:00\",\"dateModified\":\"2014-09-28T15:32:42+00:00\",\"breadcrumb\":{\"@id\":\"https:\/\/dev1.antaakhi.fr\/hs45376-ovh\/nous-contacter\/#breadcrumb\"},\"inLanguage\":\"fr-FR\",\"potentialAction\":[{\"@type\":\"ReadAction\",\"target\":[\"https:\/\/dev1.antaakhi.fr\/hs45376-ovh\/nous-contacter\/\"]}]},{\"@type\":\"BreadcrumbList\",\"@id\":\"https:\/\/dev1.antaakhi.fr\/hs45376-ovh\/nous-contacter\/#breadcrumb\",\"itemListElement\":[{\"@type\":\"ListItem\",\"position\":1,\"name\":\"Home\",\"item\":\"https:\/\/dev1.antaakhi.fr\/hs45376-ovh\/\"},{\"@type\":\"ListItem\",\"position\":2,\"name\":\"Nous Contacter\"}]},{\"@type\":\"WebSite\",\"@id\":\"https:\/\/dev1.antaakhi.fr\/hs45376-ovh\/#website\",\"url\":\"https:\/\/dev1.antaakhi.fr\/hs45376-ovh\/\",\"name\":\"Anta Akhi France\",\"description\":\"Toi, mon fr\u00e8re\",\"potentialAction\":[{\"@type\":\"SearchAction\",\"target\":{\"@type\":\"EntryPoint\",\"urlTemplate\":\"https:\/\/dev1.antaakhi.fr\/hs45376-ovh\/?s={search_term_string}\"},\"query-input\":\"required name=search_term_string\"}],\"inLanguage\":\"fr-FR\"}]}<\/script>\n<!-- \/ Yoast SEO plugin. -->","yoast_head_json":{"title":"Nous Contacter - Anta Akhi France","robots":{"index":"index","follow":"follow","max-snippet":"max-snippet:-1","max-image-preview":"max-image-preview:large","max-video-preview":"max-video-preview:-1"},"canonical":"https:\/\/dev1.antaakhi.fr\/hs45376-ovh\/nous-contacter\/","og_locale":"fr_FR","og_type":"article","og_title":"Nous Contacter - Anta Akhi France","og_url":"https:\/\/dev1.antaakhi.fr\/hs45376-ovh\/nous-contacter\/","og_site_name":"Anta Akhi France","article_modified_time":"2014-09-28T15:32:42+00:00","schema":{"@context":"https:\/\/schema.org","@graph":[{"@type":"WebPage","@id":"https:\/\/dev1.antaakhi.fr\/hs45376-ovh\/nous-contacter\/","url":"https:\/\/dev1.antaakhi.fr\/hs45376-ovh\/nous-contacter\/","name":"Nous Contacter - Anta Akhi France","isPartOf":{"@id":"https:\/\/dev1.antaakhi.fr\/hs45376-ovh\/#website"},"datePublished":"2014-05-12T19:02:56+00:00","dateModified":"2014-09-28T15:32:42+00:00","breadcrumb":{"@id":"https:\/\/dev1.antaakhi.fr\/hs45376-ovh\/nous-contacter\/#breadcrumb"},"inLanguage":"fr-FR","potentialAction":[{"@type":"ReadAction","target":["https:\/\/dev1.antaakhi.fr\/hs45376-ovh\/nous-contacter\/"]}]},{"@type":"BreadcrumbList","@id":"https:\/\/dev1.antaakhi.fr\/hs45376-ovh\/nous-contacter\/#breadcrumb","itemListElement":[{"@type":"ListItem","position":1,"name":"Home","item":"https:\/\/dev1.antaakhi.fr\/hs45376-ovh\/"},{"@type":"ListItem","position":2,"name":"Nous Contacter"}]},{"@type":"WebSite","@id":"https:\/\/dev1.antaakhi.fr\/hs45376-ovh\/#website","url":"https:\/\/dev1.antaakhi.fr\/hs45376-ovh\/","name":"Anta Akhi France","description":"Toi, mon fr\u00e8re","potentialAction":[{"@type":"SearchAction","target":{"@type":"EntryPoint","urlTemplate":"https:\/\/dev1.antaakhi.fr\/hs45376-ovh\/?s={search_term_string}"},"query-input":"required name=search_term_string"}],"inLanguage":"fr-FR"}]}},"_links":{"self":[{"href":"https:\/\/dev1.antaakhi.fr\/hs45376-ovh\/wp-json\/wp\/v2\/pages\/31"}],"collection":[{"href":"https:\/\/dev1.antaakhi.fr\/hs45376-ovh\/wp-json\/wp\/v2\/pages"}],"about":[{"href":"https:\/\/dev1.antaakhi.fr\/hs45376-ovh\/wp-json\/wp\/v2\/types\/page"}],"author":[{"embeddable":true,"href":"https:\/\/dev1.antaakhi.fr\/hs45376-ovh\/wp-json\/wp\/v2\/users\/4"}],"replies":[{"embeddable":true,"href":"https:\/\/dev1.antaakhi.fr\/hs45376-ovh\/wp-json\/wp\/v2\/comments?post=31"}],"version-history":[{"count":6,"href":"https:\/\/dev1.antaakhi.fr\/hs45376-ovh\/wp-json\/wp\/v2\/pages\/31\/revisions"}],"predecessor-version":[{"id":940,"href":"https:\/\/dev1.antaakhi.fr\/hs45376-ovh\/wp-json\/wp\/v2\/pages\/31\/revisions\/940"}],"wp:attachment":[{"href":"https:\/\/dev1.antaakhi.fr\/hs45376-ovh\/wp-json\/wp\/v2\/media?parent=31"}],"curies":[{"name":"wp","href":"https:\/\/api.w.org\/{rel}","templated":true}]}}